{"id":317,"date":"2025-11-28T13:17:31","date_gmt":"2025-11-28T16:17:31","guid":{"rendered":"https:\/\/portafolioservicios.cl\/index.php\/inicio\/"},"modified":"2026-01-06T09:13:55","modified_gmt":"2026-01-06T12:13:55","slug":"inicio","status":"publish","type":"page","link":"https:\/\/portafolioservicios.cl\/","title":{"rendered":"Inicio"},"content":{"rendered":"\n<div class=\"wp-block-cover alignfull is-light hestia-clear-top-padding\"><span aria-hidden=\"true\" class=\"wp-block-cover__background has-white-background-color has-background-dim-100 has-background-dim\"><\/span><div class=\"wp-block-cover__inner-container is-layout-flow wp-block-cover-is-layout-flow\">\n\n\n\n\n<p><\/p>\n\n\n\n<h5 class=\"wp-block-heading has-text-align-center has-text-color\" style=\"color:#3c4858\">En este portafolio presentamos todos los trabajos que se han realizado para los diversos cursos Otec. Son varios los programas que puedes encontrar y conocer.<\/h5>\n\n\n\n<div class=\"wp-block-group alignfull has-mono-4-background-color has-background\" style=\"border-style:none;border-width:0px;border-top-left-radius:0px;border-top-right-radius:0px;border-bottom-left-radius:0px;border-bottom-right-radius:0px;min-height:0px;margin-top:0;margin-bottom:0;padding-top:0;padding-right:0;padding-bottom:0;padding-left:0\"><div class=\"wp-block-group__inner-container is-layout-constrained wp-container-core-group-is-layout-8f6f1862 wp-block-group-is-layout-constrained\">\n<div style=\"opacity: 0;\" superb-addons-animation=\"fadeIn\" id=\"wp-block-themeisle-blocks-advanced-columns-55b78b58\" class=\"wp-block-themeisle-blocks-advanced-columns alignfull has-3-columns has-desktop-equal-layout has-tablet-equal-layout has-mobile-collapsedRows-layout has-vertical-center ticss-c00aadba\"><div class=\"wp-block-themeisle-blocks-advanced-columns-overlay\"><\/div><div class=\"innerblocks-wrap\">\n<div id=\"wp-block-themeisle-blocks-advanced-column-a55eb3cd\" class=\"wp-block-themeisle-blocks-advanced-column\"><\/div>\n\n\n\n<div id=\"wp-block-themeisle-blocks-advanced-column-fe059c62\" class=\"wp-block-themeisle-blocks-advanced-column\"><\/div>\n\n\n\n<div id=\"wp-block-themeisle-blocks-advanced-column-210a3967\" class=\"wp-block-themeisle-blocks-advanced-column\"><\/div>\n<\/div><\/div>\n\n\n\n\n\n<div style=\"opacity: 0;\" superb-addons-animation=\"zoomIn\" id=\"wp-block-themeisle-blocks-advanced-columns-277ef33a\" class=\"wp-block-themeisle-blocks-advanced-columns alignfull has-3-columns has-desktop-equal-layout has-tablet-equal-layout has-mobile-collapsedRows-layout has-vertical-center ticss-c00aadba\"><div class=\"wp-block-themeisle-blocks-advanced-columns-overlay\"><\/div><div class=\"innerblocks-wrap\">\n<div id=\"wp-block-themeisle-blocks-advanced-column-d16eef57\" class=\"wp-block-themeisle-blocks-advanced-column\"><div class=\"wp-block-image\">\n<figure class=\"aligncenter size-full\"><img loading=\"lazy\" decoding=\"async\" width=\"300\" height=\"243\" src=\"https:\/\/portafolioservicios.cl\/wp-content\/uploads\/2026\/01\/Tech-2.png\" alt=\"\" class=\"wp-image-1003\" srcset=\"https:\/\/portafolioservicios.cl\/wp-content\/uploads\/2026\/01\/Tech-2.png 300w, https:\/\/portafolioservicios.cl\/wp-content\/uploads\/2026\/01\/Tech-2-100x81.png 100w\" sizes=\"auto, (max-width: 300px) 100vw, 300px\" \/><\/figure>\n<\/div>\n\n\n<h3 id=\"wp-block-themeisle-blocks-advanced-heading-af4a6933\" class=\"wp-block-themeisle-blocks-advanced-heading wp-block-themeisle-blocks-advanced-heading-af4a6933\"><\/h3>\n\n\n\n<p class=\"has-text-align-center\">Empresa especializada en soluciones tecnol\u00f3gicas, marketing y estrategias digitales.<\/p>\n\n\n\n<div class=\"wp-block-buttons is-content-justification-center is-layout-flex wp-container-core-buttons-is-layout-a89b3969 wp-block-buttons-is-layout-flex\">\n<div class=\"wp-block-button is-style-primary\"><a class=\"wp-block-button__link wp-element-button\" href=\"https:\/\/portafolioservicios.cl\/index.php\/tech\/\">Ver m\u00e1s<\/a><\/div>\n<\/div>\n<\/div>\n\n\n\n<div id=\"wp-block-themeisle-blocks-advanced-column-bd1b0b6b\" class=\"wp-block-themeisle-blocks-advanced-column\"><div class=\"wp-block-image\">\n<figure class=\"aligncenter size-full\"><img loading=\"lazy\" decoding=\"async\" width=\"300\" height=\"243\" src=\"https:\/\/portafolioservicios.cl\/wp-content\/uploads\/2026\/01\/Ingecal-1.png\" alt=\"\" class=\"wp-image-1001\" srcset=\"https:\/\/portafolioservicios.cl\/wp-content\/uploads\/2026\/01\/Ingecal-1.png 300w, https:\/\/portafolioservicios.cl\/wp-content\/uploads\/2026\/01\/Ingecal-1-100x81.png 100w\" sizes=\"auto, (max-width: 300px) 100vw, 300px\" \/><\/figure>\n<\/div>\n\n\n<h3 id=\"wp-block-themeisle-blocks-advanced-heading-112ba0b0\" class=\"wp-block-themeisle-blocks-advanced-heading wp-block-themeisle-blocks-advanced-heading-112ba0b0\"><\/h3>\n\n\n\n<p class=\"has-text-align-center\">\u00a0Entidad dedicada a ofrecer programas de formaci\u00f3n y cursos especializados tanto a profesionales como a empresas.<\/p>\n\n\n\n<div class=\"wp-block-buttons is-content-justification-center is-layout-flex wp-container-core-buttons-is-layout-a89b3969 wp-block-buttons-is-layout-flex\">\n<div class=\"wp-block-button is-style-primary\"><a class=\"wp-block-button__link wp-element-button\" href=\"https:\/\/portafolioservicios.cl\/index.php\/ingecal\/\">Ver m\u00e1s<\/a><\/div>\n<\/div>\n<\/div>\n\n\n\n<div id=\"wp-block-themeisle-blocks-advanced-column-07b3d357\" class=\"wp-block-themeisle-blocks-advanced-column\"><div class=\"wp-block-image\">\n<figure class=\"aligncenter size-full\"><img loading=\"lazy\" decoding=\"async\" width=\"300\" height=\"243\" src=\"https:\/\/portafolioservicios.cl\/wp-content\/uploads\/2026\/01\/ICM-1.png\" alt=\"\" class=\"wp-image-1000\" srcset=\"https:\/\/portafolioservicios.cl\/wp-content\/uploads\/2026\/01\/ICM-1.png 300w, https:\/\/portafolioservicios.cl\/wp-content\/uploads\/2026\/01\/ICM-1-100x81.png 100w\" sizes=\"auto, (max-width: 300px) 100vw, 300px\" \/><\/figure>\n<\/div>\n\n\n<h3 id=\"wp-block-themeisle-blocks-advanced-heading-c1dd424b\" class=\"wp-block-themeisle-blocks-advanced-heading wp-block-themeisle-blocks-advanced-heading-c1dd424b\"><\/h3>\n\n\n\n<p class=\"has-text-align-center\">Organismo T\u00e9cnico de Capacitaci\u00f3n (OTEC) Acreditado por SENCE desde el a\u00f1o 2010 y certificado por ASR.<\/p>\n\n\n\n<div class=\"wp-block-buttons is-content-justification-center is-layout-flex wp-container-core-buttons-is-layout-a89b3969 wp-block-buttons-is-layout-flex\">\n<div class=\"wp-block-button is-style-primary\"><a class=\"wp-block-button__link wp-element-button\" href=\"https:\/\/portafolioservicios.cl\/index.php\/icm\/\">Ver m\u00e1s<\/a><\/div>\n<\/div>\n<\/div>\n<\/div><\/div>\n\n\n\n<div style=\"opacity: 0;\" superb-addons-animation=\"zoomIn\" id=\"wp-block-themeisle-blocks-advanced-columns-33387056\" class=\"wp-block-themeisle-blocks-advanced-columns alignfull has-2-columns has-desktop-equal-layout has-tablet-equal-layout has-mobile-collapsedRows-layout has-vertical-center ticss-c00aadba\"><div class=\"wp-block-themeisle-blocks-advanced-columns-overlay\"><\/div><div class=\"innerblocks-wrap\">\n<div id=\"wp-block-themeisle-blocks-advanced-column-74bc2af3\" class=\"wp-block-themeisle-blocks-advanced-column\"><div class=\"wp-block-image\">\n<figure style=\"opacity: 0;\" superb-addons-animation=\"zoomIn\" class=\"aligncenter size-full\"><img loading=\"lazy\" decoding=\"async\" width=\"300\" height=\"243\" src=\"https:\/\/portafolioservicios.cl\/wp-content\/uploads\/2026\/01\/Oma-1.png\" alt=\"\" class=\"wp-image-1002\" srcset=\"https:\/\/portafolioservicios.cl\/wp-content\/uploads\/2026\/01\/Oma-1.png 300w, https:\/\/portafolioservicios.cl\/wp-content\/uploads\/2026\/01\/Oma-1-100x81.png 100w\" sizes=\"auto, (max-width: 300px) 100vw, 300px\" \/><\/figure>\n<\/div>\n\n\n<p class=\"has-text-align-center\">OTEC dedicada al fortalecimiento de las mujeres, promoviendo su participaci\u00f3n y desarrollo.<\/p>\n\n\n\n<div class=\"wp-block-buttons is-content-justification-center is-layout-flex wp-container-core-buttons-is-layout-a89b3969 wp-block-buttons-is-layout-flex\">\n<div class=\"wp-block-button is-style-primary\"><a class=\"wp-block-button__link wp-element-button\" href=\"https:\/\/portafolioservicios.cl\/index.php\/otec-mujer-activa\/\">Ver m\u00e1s<\/a><\/div>\n<\/div>\n<\/div>\n\n\n\n<div id=\"wp-block-themeisle-blocks-advanced-column-51fdc08d\" class=\"wp-block-themeisle-blocks-advanced-column\"><div class=\"wp-block-image\">\n<figure style=\"opacity: 0;\" superb-addons-animation=\"zoomIn\" class=\"aligncenter size-full\"><img loading=\"lazy\" decoding=\"async\" width=\"300\" height=\"243\" src=\"https:\/\/portafolioservicios.cl\/wp-content\/uploads\/2026\/01\/Biarritz-1.png\" alt=\"\" class=\"wp-image-999\" srcset=\"https:\/\/portafolioservicios.cl\/wp-content\/uploads\/2026\/01\/Biarritz-1.png 300w, https:\/\/portafolioservicios.cl\/wp-content\/uploads\/2026\/01\/Biarritz-1-100x81.png 100w\" sizes=\"auto, (max-width: 300px) 100vw, 300px\" \/><\/figure>\n<\/div>\n\n\n<p class=\"has-text-align-center\">Organizaci\u00f3n dedicada a la consultor\u00eda y el coaching profesional, enfocada en atender las necesidades de las empresas.<\/p>\n\n\n\n<div class=\"wp-block-buttons is-content-justification-center is-layout-flex wp-container-core-buttons-is-layout-a89b3969 wp-block-buttons-is-layout-flex\">\n<div class=\"wp-block-button is-style-primary\"><a class=\"wp-block-button__link wp-element-button\" href=\"https:\/\/portafolioservicios.cl\/index.php\/biarritz\/\">Ver m\u00e1s<\/a><\/div>\n<\/div>\n<\/div>\n<\/div><\/div>\n\n\n\n<div class=\"wp-block-stackable-columns alignfull stk-block-columns stk-block stk-af25a87 stk-block-background stk--background-scheme--scheme-default-3\" data-block-id=\"af25a87\"><style>.stk-af25a87 {background-color:#e9e9e9 !important;margin-top:var(--stk--preset--spacing--70, 3.38rem) !important;margin-bottom:var(--stk--preset--spacing--70, 3.38rem) !important;}.stk-af25a87:before{background-color:#e9e9e9 !important;}<\/style><div class=\"stk-row stk-inner-blocks stk-block-content stk-content-align stk-af25a87-column alignfull\">\n<div class=\"wp-block-stackable-column stk-block-column stk-column stk-block stk-3103023\" data-v=\"4\" data-block-id=\"3103023\"><style>.stk-3103023 {align-self:center !important;}@media screen and (min-width: 768px){.stk-3103023 {flex:var(--stk-flex-grow, 1) 1 calc(40% - var(--stk-column-gap, 0px) * 1 \/ 2 ) !important;}}<\/style><div class=\"stk-column-wrapper stk-block-column__content stk-container stk-3103023-container stk--no-background stk--no-padding\"><div class=\"stk-block-content stk-inner-blocks stk-3103023-inner-blocks\">\n<div class=\"wp-block-stackable-heading stk-block-heading stk-block-heading--v2 stk-block stk-a882686\" id=\"heading-placeholder\" data-block-id=\"a882686\"><style>.stk-a882686 .stk-block-heading__text{color:#0f0e17 !important;}<\/style><h2 class=\"stk-block-heading__text has-text-color\">Tech Imagination<\/h2><\/div>\n\n\n\n<div class=\"wp-block-stackable-text stk-block-text stk-block stk-c0680eb\" data-block-id=\"c0680eb\"><style>.stk-c0680eb .stk-block-text__text{color:#0f0e17 !important;}<\/style><p class=\"stk-block-text__text has-text-color\">Transformamos ideas en \u00e9xitos digitales<\/p><\/div>\n\n\n\n<div class=\"wp-block-stackable-button-group stk-block-button-group stk-block stk-64c94e0\" data-block-id=\"64c94e0\"><div class=\"stk-row stk-inner-blocks stk-block-content stk-button-group\">\n<div class=\"wp-block-stackable-button stk-block-button stk-block stk-69369cf\" data-block-id=\"69369cf\"><a class=\"stk-link stk-button stk--hover-effect-darken\" href=\"https:\/\/portafolioservicios.cl\/index.php\/tech\/\" target=\"_blank\" rel=\"noreferrer noopener\"><span class=\"stk-button__inner-text\">Ver m\u00e1s<\/span><\/a><\/div>\n<\/div><\/div>\n<\/div><\/div><\/div>\n\n\n\n<div class=\"wp-block-stackable-column stk-block-column stk-column stk-block stk-a8dbb7a\" data-v=\"4\" data-block-id=\"a8dbb7a\"><style>@media screen and (min-width: 768px){.stk-a8dbb7a {flex:var(--stk-flex-grow, 1) 1 calc(60% - var(--stk-column-gap, 0px) * 1 \/ 2 ) !important;}}<\/style><div class=\"stk-column-wrapper stk-block-column__content stk-container stk-a8dbb7a-container stk--no-background stk--no-padding\"><div class=\"stk-block-content stk-inner-blocks stk-a8dbb7a-inner-blocks\">\n<div class=\"wp-block-stackable-columns stk-block-columns stk-block stk-bd73315\" data-block-id=\"bd73315\"><div class=\"stk-row stk-inner-blocks stk-block-content stk-content-align stk-bd73315-column\">\n<div class=\"wp-block-stackable-column stk-block-column stk-column stk-block stk-c71d9d5\" data-v=\"4\" data-block-id=\"c71d9d5\"><div class=\"stk-column-wrapper stk-block-column__content stk-container stk-c71d9d5-container stk--no-background stk--no-padding\"><div class=\"stk-block-content stk-inner-blocks stk-c71d9d5-inner-blocks\">\n<div style=\"opacity: 0;\" superb-addons-animation=\"zoomInUp\" class=\"wp-block-stackable-image stk-block-image stk-block stk-bd34749\" data-block-id=\"bd34749\"><style>.stk-bd34749 .stk-img-wrapper{aspect-ratio:2\/3 !important;width:304px !important;height:auto !important;}.stk-bd34749 .stk-img-wrapper img{object-position:53% 80% !important;}@media screen and (max-width: 1023px){.stk-bd34749 .stk-img-wrapper{height:auto !important;}}@media screen and (max-width: 767px){.stk-bd34749 .stk-img-wrapper{height:auto !important;}}<\/style><figure><span class=\"stk-img-wrapper stk-image--shape-stretch\"><img loading=\"lazy\" decoding=\"async\" class=\"stk-img wp-image-937\" src=\"https:\/\/portafolioservicios.cl\/wp-content\/uploads\/2025\/12\/logo-olimpo-1.jpg\" width=\"304\" height=\"608\" srcset=\"https:\/\/portafolioservicios.cl\/wp-content\/uploads\/2025\/12\/logo-olimpo-1.jpg 304w, https:\/\/portafolioservicios.cl\/wp-content\/uploads\/2025\/12\/logo-olimpo-1-150x300.jpg 150w, https:\/\/portafolioservicios.cl\/wp-content\/uploads\/2025\/12\/logo-olimpo-1-100x200.jpg 100w\" sizes=\"auto, (max-width: 304px) 100vw, 304px\" \/><\/span><\/figure><\/div>\n<\/div><\/div><\/div>\n\n\n\n<div class=\"wp-block-stackable-column stk-block-column stk-column stk-block stk-73efed9\" data-v=\"4\" data-block-id=\"73efed9\"><style>.stk-73efed9 {margin-top:50px !important;}<\/style><div class=\"stk-column-wrapper stk-block-column__content stk-container stk-73efed9-container stk--no-background stk--no-padding\"><div class=\"stk-block-content stk-inner-blocks stk-73efed9-inner-blocks\">\n<div style=\"opacity: 0;\" superb-addons-animation=\"zoomInUp\" class=\"wp-block-stackable-image stk-block-image stk-block stk-b360b39\" data-block-id=\"b360b39\"><style>.stk-b360b39 .stk-img-wrapper{aspect-ratio:2\/3 !important;height:auto !important;}@media screen and (max-width: 1023px){.stk-b360b39 .stk-img-wrapper{height:auto !important;}}@media screen and (max-width: 767px){.stk-b360b39 .stk-img-wrapper{height:auto !important;}}<\/style><figure><span class=\"stk-img-wrapper stk-image--shape-stretch\"><img loading=\"lazy\" decoding=\"async\" class=\"stk-img wp-image-863\" src=\"https:\/\/portafolioservicios.cl\/wp-content\/uploads\/2025\/12\/rrss-newen.jpg\" width=\"680\" height=\"608\" srcset=\"https:\/\/portafolioservicios.cl\/wp-content\/uploads\/2025\/12\/rrss-newen.jpg 680w, https:\/\/portafolioservicios.cl\/wp-content\/uploads\/2025\/12\/rrss-newen-300x268.jpg 300w, https:\/\/portafolioservicios.cl\/wp-content\/uploads\/2025\/12\/rrss-newen-100x89.jpg 100w\" sizes=\"auto, (max-width: 680px) 100vw, 680px\" \/><\/span><\/figure><\/div>\n<\/div><\/div><\/div>\n<\/div><\/div>\n<\/div><\/div><\/div>\n<\/div><\/div>\n<\/div><\/div>\n<\/div><\/div>\n\n\n\n<p><\/p>\n","protected":false},"excerpt":{"rendered":"","protected":false},"author":1,"featured_media":0,"parent":0,"menu_order":0,"comment_status":"closed","ping_status":"closed","template":"","meta":{"ngg_post_thumbnail":0,"_themeisle_gutenberg_block_has_review":false,"footnotes":""},"class_list":["post-317","page","type-page","status-publish","hentry"],"_links":{"self":[{"href":"https:\/\/portafolioservicios.cl\/index.php\/wp-json\/wp\/v2\/pages\/317","targetHints":{"allow":["GET"]}}],"collection":[{"href":"https:\/\/portafolioservicios.cl\/index.php\/wp-json\/wp\/v2\/pages"}],"about":[{"href":"https:\/\/portafolioservicios.cl\/index.php\/wp-json\/wp\/v2\/types\/page"}],"author":[{"embeddable":true,"href":"https:\/\/portafolioservicios.cl\/index.php\/wp-json\/wp\/v2\/users\/1"}],"replies":[{"embeddable":true,"href":"https:\/\/portafolioservicios.cl\/index.php\/wp-json\/wp\/v2\/comments?post=317"}],"version-history":[{"count":184,"href":"https:\/\/portafolioservicios.cl\/index.php\/wp-json\/wp\/v2\/pages\/317\/revisions"}],"predecessor-version":[{"id":1100,"href":"https:\/\/portafolioservicios.cl\/index.php\/wp-json\/wp\/v2\/pages\/317\/revisions\/1100"}],"wp:attachment":[{"href":"https:\/\/portafolioservicios.cl\/index.php\/wp-json\/wp\/v2\/media?parent=317"}],"curies":[{"name":"wp","href":"https:\/\/api.w.org\/{rel}","templated":true}]}}